{"id":666,"date":"2009-03-06T08:29:21","date_gmt":"2009-03-06T07:29:21","guid":{"rendered":"http:\/\/www.brwkuchnie24.pl\/?page_id=284"},"modified":"2017-01-22T12:07:38","modified_gmt":"2017-01-22T12:07:38","slug":"sprzet-agd","status":"publish","type":"page","link":"https:\/\/premiummeble.com.pl\/index.php\/sprzet-agd\/","title":{"rendered":"Sprz\u0119t AGD"},"content":{"rendered":"<p>Wraz z zabudow\u0105 kuchenn\u0105, oferujemy pe\u0142ne wyposa\u017cenie w urz\u0105dzenia AGD do zabudowy jak i akcesoria kuchenne wi\u0119kszo\u015bci firm dzia\u0142aj\u0105cych na naszym rynku.<\/p>\n<p>Urz\u0105dzenia w jakie mo\u017cna wyposa\u017cy\u0107 kuchni\u0119 to mi\u0119dzy innymi: kuchenki, p\u0142yty grzewcze, okapy, lod\u00f3wki, zamra\u017carki, zmywarki, zlewy.<\/p>\n<p>Wbudowany sprz\u0119t kuchenny pozwala na harmonijne wkomponowanie urz\u0105dze\u0144 w zabudow\u0119 kuchenn\u0105. Zwi\u0119kszamy w ten spos\u00f3b walory estetyczne kuchni, funkcjonalno\u015b\u0107 i bezpiecze\u0144stwo.<\/p>\n","protected":false},"excerpt":{"rendered":"<p>Wraz z zabudow\u0105 kuchenn\u0105, oferujemy pe\u0142ne wyposa\u017cenie w urz\u0105dzenia AGD do zabudowy jak i akcesoria kuchenne wi\u0119kszo\u015bci firm dzia\u0142aj\u0105cych na naszym rynku. Urz\u0105dzenia w jakie mo\u017cna wyposa\u017cy\u0107 kuchni\u0119 to mi\u0119dzy innymi: kuchenki, p\u0142yty grzewcze, okapy, lod\u00f3wki, zamra\u017carki, zmywarki, zlewy. Wbudowany sprz\u0119t kuchenny pozwala na harmonijne wkomponowanie urz\u0105dze\u0144 w zabudow\u0119 kuchenn\u0105. Zwi\u0119kszamy w ten spos\u00f3b walory [&#8230;]<\/p>\n","protected":false},"author":3,"featured_media":0,"parent":0,"menu_order":0,"comment_status":"open","ping_status":"open","template":"","meta":[],"_links":{"self":[{"href":"https:\/\/premiummeble.com.pl\/index.php\/wp-json\/wp\/v2\/pages\/666"}],"collection":[{"href":"https:\/\/premiummeble.com.pl\/index.php\/wp-json\/wp\/v2\/pages"}],"about":[{"href":"https:\/\/premiummeble.com.pl\/index.php\/wp-json\/wp\/v2\/types\/page"}],"author":[{"embeddable":true,"href":"https:\/\/premiummeble.com.pl\/index.php\/wp-json\/wp\/v2\/users\/3"}],"replies":[{"embeddable":true,"href":"https:\/\/premiummeble.com.pl\/index.php\/wp-json\/wp\/v2\/comments?post=666"}],"version-history":[{"count":5,"href":"https:\/\/premiummeble.com.pl\/index.php\/wp-json\/wp\/v2\/pages\/666\/revisions"}],"predecessor-version":[{"id":3078,"href":"https:\/\/premiummeble.com.pl\/index.php\/wp-json\/wp\/v2\/pages\/666\/revisions\/3078"}],"wp:attachment":[{"href":"https:\/\/premiummeble.com.pl\/index.php\/wp-json\/wp\/v2\/media?parent=666"}],"curies":[{"name":"wp","href":"https:\/\/api.w.org\/{rel}","templated":true}]}}